{"id":344,"date":"2024-08-08T20:43:35","date_gmt":"2024-08-08T17:43:35","guid":{"rendered":"https:\/\/samatha-vipassana.com\/?page_id=344"},"modified":"2025-08-14T22:02:20","modified_gmt":"2025-08-14T19:02:20","slug":"teacher","status":"publish","type":"page","link":"https:\/\/samatha-vipassana.com\/en\/teacher\/","title":{"rendered":"About the Teacher"},"content":{"rendered":"<p>The Venerable Bhante Rakwane Gnanaseeha Thera, a Buddhist monk in the Theravada tradition and abbot of Chittaviveka Forest Monastery, took monastic precepts in 2003 in Sri Lanka at the age of 24 under the guidance of the Venerable Tripitaka \u0100c\u0101riya Patekkada Sumanatissa Mah\u0101thera from the lineage of Siam Nikaya Sri Rohana Parshavaya.<\/p>\n\n\n\n<p>In 2008, with the support of the Venerable Sadhu Pallekande Ratnasara Mah\u0101thera, Bhante went to study in Russia and enrolled at the Peoples' Friendship University of Russia in Moscow, where he received a bachelor's degree in Russian Philology in 2013. Later, he continued his education at Kalmyk State University, where he completed his master's degree in the same field in 2015.<\/p>\n\n\n\n<p>In 2018, Bhante founded the Chittaviveka Monastery. At the time of this book's publication, he had 12 disciple-monks under his guidance, including 9 Russian-speaking disciples. Since 2019, he has been conducting meditation retreats for Russian-speaking practitioners in Sri Lanka.<\/p>\n\n\n\n<p>Bhante also regularly visits Russia and other countries, where he gives teachings, conducts retreats, and maintains communication with Buddhists and individuals interested in meditation and the Buddha's teachings. Many of his lectures can be found on YouTube and on the Internet.<\/p>\n\n\n<div class=\"wp-block-image\">\n<figure class=\"aligncenter size-large\"><img fetchpriority=\"high\" decoding=\"async\" width=\"1024\" height=\"670\" src=\"https:\/\/samatha-vipassana.com\/wp-content\/uploads\/2024\/08\/graduation-1024x670.jpg\" alt=\"\" class=\"wp-image-422\" srcset=\"https:\/\/samatha-vipassana.com\/wp-content\/uploads\/2024\/08\/graduation-1024x670.jpg 1024w, https:\/\/samatha-vipassana.com\/wp-content\/uploads\/2024\/08\/graduation-300x196.jpg 300w, https:\/\/samatha-vipassana.com\/wp-content\/uploads\/2024\/08\/graduation-768x503.jpg 768w, https:\/\/samatha-vipassana.com\/wp-content\/uploads\/2024\/08\/graduation-1536x1005.jpg 1536w, https:\/\/samatha-vipassana.com\/wp-content\/uploads\/2024\/08\/graduation-2048x1340.jpg 2048w, https:\/\/samatha-vipassana.com\/wp-content\/uploads\/2024\/08\/graduation-18x12.jpg 18w, https:\/\/samatha-vipassana.com\/wp-content\/uploads\/2024\/08\/graduation-350x230.jpg 350w, https:\/\/samatha-vipassana.com\/wp-content\/uploads\/2024\/08\/graduation-850x556.jpg 850w\" sizes=\"(max-width: 1024px) 100vw, 1024px\" \/><\/figure><\/div>","protected":false},"excerpt":{"rendered":"<p>\u0414\u043e\u0441\u0442\u043e\u043f\u043e\u0447\u0442\u0435\u043d\u043d\u044b\u0439 \u0431\u0445\u0430\u043d\u0442\u0435 \u0420\u0430\u043a\u0432\u0430\u043d\u0435 \u041d\u044f\u043d\u0430\u0441\u0438\u0445\u0430 \u0442\u0445\u0435\u0440\u0430, \u0431\u0443\u0434\u0434\u0438\u0439\u0441\u043a\u0438\u0439 \u043c\u043e\u043d\u0430\u0445 \u0432 \u0442\u0440\u0430\u0434\u0438\u0446\u0438\u0438 \u0442\u0445\u0435\u0440\u0430\u0432\u0430\u0434\u0430 \u0438 \u043d\u0430\u0441\u0442\u043e\u044f\u0442\u0435\u043b\u044c \u043b\u0435\u0441\u043d\u043e\u0433\u043e \u043c\u043e\u043d\u0430\u0441\u0442\u044b\u0440\u044f \u0427\u0438\u0442\u0442\u0430\u0432\u0438\u0432\u0435\u043a\u0430, \u043f\u0440\u0438\u043d\u044f\u043b \u043c\u043e\u043d\u0430\u0448\u0435\u0441\u043a\u0438\u0439 \u043f\u043e\u0441\u0442\u0440\u0438\u0433 \u0432 2003 \u0433\u043e\u0434\u0443 \u043d\u0430 \u0428\u0440\u0438-\u041b\u0430\u043d\u043a\u0435 \u0432 \u0432\u043e\u0437\u0440\u0430\u0441\u0442\u0435 24 \u043b\u0435\u0442 \u043f\u043e\u0434 \u0440\u0443\u043a\u043e\u0432\u043e\u0434\u0441\u0442\u0432\u043e\u043c \u0434\u043e\u0441\u0442\u043e\u043f\u043e\u0447\u0442\u0435\u043d\u043d\u043e\u0433\u043e \u0442\u0440\u0438\u043f\u0438\u0442\u0430\u043a\u0430 \u0430\u0447\u0430\u0440\u0438\u0438 \u041f\u0430\u0442\u0435\u043a\u0430\u0434\u044b \u0421\u0443\u043c\u0430\u043d\u0430\u0442\u0438\u0441\u0441\u044b \u043c\u0430\u0445\u0430\u0442\u0445\u0435\u0440\u044b \u0438\u0437 \u043b\u0438\u043d\u0438\u0438 \u0421\u0438\u0430\u043c \u041d\u0438\u043a\u0430\u044f \u0428\u0440\u0438 \u0420\u043e\u0445\u0430\u043d\u0430 \u041f\u0430\u0440\u0448\u0430\u0432\u0430\u0439\u044f (Siam Nikaya Sri Rohana Parshavaya). \u0412 2008 \u0433\u043e\u0434\u0443&#8230;<\/p>","protected":false},"author":2,"featured_media":345,"parent":0,"menu_order":0,"comment_status":"closed","ping_status":"closed","template":"","meta":{"_bbp_topic_count":0,"_bbp_reply_count":0,"_bbp_total_topic_count":0,"_bbp_total_reply_count":0,"_bbp_voice_count":0,"_bbp_anonymous_reply_count":0,"_bbp_topic_count_hidden":0,"_bbp_reply_count_hidden":0,"_bbp_forum_subforum_count":0,"inline_featured_image":false,"footnotes":""},"class_list":["post-344","page","type-page","status-publish","has-post-thumbnail","hentry"],"yoast_head":"<!-- This site is optimized with the Yoast SEO plugin v25.4 - https:\/\/yoast.com\/wordpress\/plugins\/seo\/ -->\n<title>\u041f\u0440\u043e \u0443\u0447\u0438\u0442\u0435\u043b\u044f - Samatha Vipassana<\/title>\n<meta name=\"description\" content=\"\u0414\u043e\u0441\u0442\u043e\u043f\u043e\u0447\u0442\u0435\u043d\u043d\u044b\u0439 \u0431\u0445\u0430\u043d\u0442\u0435 \u041d\u044f\u043d\u0430\u0441\u0438\u0445\u0430 (\u041d\u044c\u044f\u043d\u0430\u0441\u0438\u0445\u0430) \u0420\u0430\u043a\u0432\u0430\u043d\u0435 \u0442\u0445\u0435\u0440\u0430, \u0431\u0443\u0434\u0434\u0438\u0439\u0441\u043a\u0438\u0439 \u043c\u043e\u043d\u0430\u0445 \u0432 \u0442\u0440\u0430\u0434\u0438\u0446\u0438\u0438 \u0442\u0445\u0435\u0440\u0430\u0432\u0430\u0434\u0430 \u0438 \u043d\u0430\u0441\u0442\u043e\u044f\u0442\u0435\u043b\u044c \u043b\u0435\u0441\u043d\u043e\u0433\u043e \u043c\u043e\u043d\u0430\u0441\u0442\u044b\u0440\u044f \u0427\u0438\u0442\u0442\u0430\u0432\u0438\u0432\u0435\u043a\u0430 \u043d\u0430 \u0428\u0440\u0438-\u041b\u0430\u043d\u043a\u0435\" \/>\n<meta name=\"robots\" content=\"index, follow, max-snippet:-1, max-image-preview:large, max-video-preview:-1\" \/>\n<link rel=\"canonical\" href=\"https:\/\/chittaviveka-monastery-11272da.ingress-alpha.ewp.live\/teacher\/\" \/>\n<meta property=\"og:locale\" content=\"en_US\" \/>\n<meta property=\"og:type\" content=\"article\" \/>\n<meta property=\"og:title\" content=\"\u041f\u0440\u043e \u0443\u0447\u0438\u0442\u0435\u043b\u044f - Samatha Vipassana\" \/>\n<meta property=\"og:description\" content=\"\u0414\u043e\u0441\u0442\u043e\u043f\u043e\u0447\u0442\u0435\u043d\u043d\u044b\u0439 \u0431\u0445\u0430\u043d\u0442\u0435 \u041d\u044f\u043d\u0430\u0441\u0438\u0445\u0430 (\u041d\u044c\u044f\u043d\u0430\u0441\u0438\u0445\u0430) \u0420\u0430\u043a\u0432\u0430\u043d\u0435 \u0442\u0445\u0435\u0440\u0430, \u0431\u0443\u0434\u0434\u0438\u0439\u0441\u043a\u0438\u0439 \u043c\u043e\u043d\u0430\u0445 \u0432 \u0442\u0440\u0430\u0434\u0438\u0446\u0438\u0438 \u0442\u0445\u0435\u0440\u0430\u0432\u0430\u0434\u0430 \u0438 \u043d\u0430\u0441\u0442\u043e\u044f\u0442\u0435\u043b\u044c \u043b\u0435\u0441\u043d\u043e\u0433\u043e \u043c\u043e\u043d\u0430\u0441\u0442\u044b\u0440\u044f \u0427\u0438\u0442\u0442\u0430\u0432\u0438\u0432\u0435\u043a\u0430 \u043d\u0430 \u0428\u0440\u0438-\u041b\u0430\u043d\u043a\u0435\" \/>\n<meta property=\"og:url\" content=\"https:\/\/chittaviveka-monastery-11272da.ingress-alpha.ewp.live\/teacher\/\" \/>\n<meta property=\"og:site_name\" content=\"Samatha Vipassana\" \/>\n<meta property=\"article:publisher\" content=\"https:\/\/www.facebook.com\/chittaviveka\" \/>\n<meta property=\"article:modified_time\" content=\"2025-08-14T19:02:20+00:00\" \/>\n<meta property=\"og:image\" content=\"https:\/\/chittaviveka-monastery-11272da.ingress-alpha.ewp.live\/wp-content\/uploads\/2024\/08\/gnanaseeha_rakwane_thera.jpg\" \/>\n\t<meta property=\"og:image:width\" content=\"1500\" \/>\n\t<meta property=\"og:image:height\" content=\"2001\" \/>\n\t<meta property=\"og:image:type\" content=\"image\/jpeg\" \/>\n<meta name=\"twitter:card\" content=\"summary_large_image\" \/>\n<meta name=\"twitter:label1\" content=\"Est. reading time\" \/>\n\t<meta name=\"twitter:data1\" content=\"2 minutes\" \/>\n<script type=\"application\/ld+json\" class=\"yoast-schema-graph\">{\"@context\":\"https:\/\/schema.org\",\"@graph\":[{\"@type\":\"WebPage\",\"@id\":\"https:\/\/chittaviveka-monastery-11272da.ingress-alpha.ewp.live\/teacher\/\",\"url\":\"https:\/\/chittaviveka-monastery-11272da.ingress-alpha.ewp.live\/teacher\/\",\"name\":\"\u041f\u0440\u043e \u0443\u0447\u0438\u0442\u0435\u043b\u044f - Samatha Vipassana\",\"isPartOf\":{\"@id\":\"https:\/\/chittaviveka-monastery-11272da.ingress-alpha.ewp.live\/#website\"},\"primaryImageOfPage\":{\"@id\":\"https:\/\/chittaviveka-monastery-11272da.ingress-alpha.ewp.live\/teacher\/#primaryimage\"},\"image\":{\"@id\":\"https:\/\/chittaviveka-monastery-11272da.ingress-alpha.ewp.live\/teacher\/#primaryimage\"},\"thumbnailUrl\":\"https:\/\/samatha-vipassana.com\/wp-content\/uploads\/2024\/08\/gnanaseeha_rakwane_thera.jpg\",\"datePublished\":\"2024-08-08T17:43:35+00:00\",\"dateModified\":\"2025-08-14T19:02:20+00:00\",\"description\":\"\u0414\u043e\u0441\u0442\u043e\u043f\u043e\u0447\u0442\u0435\u043d\u043d\u044b\u0439 \u0431\u0445\u0430\u043d\u0442\u0435 \u041d\u044f\u043d\u0430\u0441\u0438\u0445\u0430 (\u041d\u044c\u044f\u043d\u0430\u0441\u0438\u0445\u0430) \u0420\u0430\u043a\u0432\u0430\u043d\u0435 \u0442\u0445\u0435\u0440\u0430, \u0431\u0443\u0434\u0434\u0438\u0439\u0441\u043a\u0438\u0439 \u043c\u043e\u043d\u0430\u0445 \u0432 \u0442\u0440\u0430\u0434\u0438\u0446\u0438\u0438 \u0442\u0445\u0435\u0440\u0430\u0432\u0430\u0434\u0430 \u0438 \u043d\u0430\u0441\u0442\u043e\u044f\u0442\u0435\u043b\u044c \u043b\u0435\u0441\u043d\u043e\u0433\u043e \u043c\u043e\u043d\u0430\u0441\u0442\u044b\u0440\u044f \u0427\u0438\u0442\u0442\u0430\u0432\u0438\u0432\u0435\u043a\u0430 \u043d\u0430 \u0428\u0440\u0438-\u041b\u0430\u043d\u043a\u0435\",\"breadcrumb\":{\"@id\":\"https:\/\/chittaviveka-monastery-11272da.ingress-alpha.ewp.live\/teacher\/#breadcrumb\"},\"inLanguage\":\"en-US\",\"potentialAction\":[{\"@type\":\"ReadAction\",\"target\":[\"https:\/\/chittaviveka-monastery-11272da.ingress-alpha.ewp.live\/teacher\/\"]}]},{\"@type\":\"ImageObject\",\"inLanguage\":\"en-US\",\"@id\":\"https:\/\/chittaviveka-monastery-11272da.ingress-alpha.ewp.live\/teacher\/#primaryimage\",\"url\":\"https:\/\/samatha-vipassana.com\/wp-content\/uploads\/2024\/08\/gnanaseeha_rakwane_thera.jpg\",\"contentUrl\":\"https:\/\/samatha-vipassana.com\/wp-content\/uploads\/2024\/08\/gnanaseeha_rakwane_thera.jpg\",\"width\":1500,\"height\":2001,\"caption\":\"Gnanaseeha Rakwane Thera\"},{\"@type\":\"BreadcrumbList\",\"@id\":\"https:\/\/chittaviveka-monastery-11272da.ingress-alpha.ewp.live\/teacher\/#breadcrumb\",\"itemListElement\":[{\"@type\":\"ListItem\",\"position\":1,\"name\":\"\u0413\u043b\u0430\u0432\u043d\u0430\u044f\",\"item\":\"https:\/\/samatha-vipassana.com\/\"},{\"@type\":\"ListItem\",\"position\":2,\"name\":\"\u041f\u0440\u043e \u0443\u0447\u0438\u0442\u0435\u043b\u044f\"}]},{\"@type\":\"WebSite\",\"@id\":\"https:\/\/chittaviveka-monastery-11272da.ingress-alpha.ewp.live\/#website\",\"url\":\"https:\/\/chittaviveka-monastery-11272da.ingress-alpha.ewp.live\/\",\"name\":\"Samatha Vipassana\",\"description\":\"Chittaviveka Monastery\",\"publisher\":{\"@id\":\"https:\/\/chittaviveka-monastery-11272da.ingress-alpha.ewp.live\/#organization\"},\"potentialAction\":[{\"@type\":\"SearchAction\",\"target\":{\"@type\":\"EntryPoint\",\"urlTemplate\":\"https:\/\/chittaviveka-monastery-11272da.ingress-alpha.ewp.live\/?s={search_term_string}\"},\"query-input\":{\"@type\":\"PropertyValueSpecification\",\"valueRequired\":true,\"valueName\":\"search_term_string\"}}],\"inLanguage\":\"en-US\"},{\"@type\":\"Organization\",\"@id\":\"https:\/\/chittaviveka-monastery-11272da.ingress-alpha.ewp.live\/#organization\",\"name\":\"Chittaviveka Monastery\",\"url\":\"https:\/\/chittaviveka-monastery-11272da.ingress-alpha.ewp.live\/\",\"logo\":{\"@type\":\"ImageObject\",\"inLanguage\":\"en-US\",\"@id\":\"https:\/\/chittaviveka-monastery-11272da.ingress-alpha.ewp.live\/#\/schema\/logo\/image\/\",\"url\":\"https:\/\/samatha-vipassana.com\/wp-content\/uploads\/2024\/09\/cropped-logo-1.png\",\"contentUrl\":\"https:\/\/samatha-vipassana.com\/wp-content\/uploads\/2024\/09\/cropped-logo-1.png\",\"width\":512,\"height\":512,\"caption\":\"Chittaviveka Monastery\"},\"image\":{\"@id\":\"https:\/\/chittaviveka-monastery-11272da.ingress-alpha.ewp.live\/#\/schema\/logo\/image\/\"},\"sameAs\":[\"https:\/\/www.facebook.com\/chittaviveka\",\"https:\/\/www.instagram.com\/chittaviveka.monastery\",\"https:\/\/vk.com\/dhammatheravada\",\"https:\/\/www.youtube.com\/@ChittaViveka\",\"https:\/\/rutube.ru\/channel\/40202709\/\",\"http:\/\/t.me\/chittaviveka\",\"https:\/\/t.me\/chittaviveka_chat\"]}]}<\/script>\n<!-- \/ Yoast SEO plugin. -->","yoast_head_json":{"title":"\u041f\u0440\u043e \u0443\u0447\u0438\u0442\u0435\u043b\u044f - Samatha Vipassana","description":"\u0414\u043e\u0441\u0442\u043e\u043f\u043e\u0447\u0442\u0435\u043d\u043d\u044b\u0439 \u0431\u0445\u0430\u043d\u0442\u0435 \u041d\u044f\u043d\u0430\u0441\u0438\u0445\u0430 (\u041d\u044c\u044f\u043d\u0430\u0441\u0438\u0445\u0430) \u0420\u0430\u043a\u0432\u0430\u043d\u0435 \u0442\u0445\u0435\u0440\u0430, \u0431\u0443\u0434\u0434\u0438\u0439\u0441\u043a\u0438\u0439 \u043c\u043e\u043d\u0430\u0445 \u0432 \u0442\u0440\u0430\u0434\u0438\u0446\u0438\u0438 \u0442\u0445\u0435\u0440\u0430\u0432\u0430\u0434\u0430 \u0438 \u043d\u0430\u0441\u0442\u043e\u044f\u0442\u0435\u043b\u044c \u043b\u0435\u0441\u043d\u043e\u0433\u043e \u043c\u043e\u043d\u0430\u0441\u0442\u044b\u0440\u044f \u0427\u0438\u0442\u0442\u0430\u0432\u0438\u0432\u0435\u043a\u0430 \u043d\u0430 \u0428\u0440\u0438-\u041b\u0430\u043d\u043a\u0435","robots":{"index":"index","follow":"follow","max-snippet":"max-snippet:-1","max-image-preview":"max-image-preview:large","max-video-preview":"max-video-preview:-1"},"canonical":"https:\/\/chittaviveka-monastery-11272da.ingress-alpha.ewp.live\/teacher\/","og_locale":"en_US","og_type":"article","og_title":"\u041f\u0440\u043e \u0443\u0447\u0438\u0442\u0435\u043b\u044f - Samatha Vipassana","og_description":"\u0414\u043e\u0441\u0442\u043e\u043f\u043e\u0447\u0442\u0435\u043d\u043d\u044b\u0439 \u0431\u0445\u0430\u043d\u0442\u0435 \u041d\u044f\u043d\u0430\u0441\u0438\u0445\u0430 (\u041d\u044c\u044f\u043d\u0430\u0441\u0438\u0445\u0430) \u0420\u0430\u043a\u0432\u0430\u043d\u0435 \u0442\u0445\u0435\u0440\u0430, \u0431\u0443\u0434\u0434\u0438\u0439\u0441\u043a\u0438\u0439 \u043c\u043e\u043d\u0430\u0445 \u0432 \u0442\u0440\u0430\u0434\u0438\u0446\u0438\u0438 \u0442\u0445\u0435\u0440\u0430\u0432\u0430\u0434\u0430 \u0438 \u043d\u0430\u0441\u0442\u043e\u044f\u0442\u0435\u043b\u044c \u043b\u0435\u0441\u043d\u043e\u0433\u043e \u043c\u043e\u043d\u0430\u0441\u0442\u044b\u0440\u044f \u0427\u0438\u0442\u0442\u0430\u0432\u0438\u0432\u0435\u043a\u0430 \u043d\u0430 \u0428\u0440\u0438-\u041b\u0430\u043d\u043a\u0435","og_url":"https:\/\/chittaviveka-monastery-11272da.ingress-alpha.ewp.live\/teacher\/","og_site_name":"Samatha Vipassana","article_publisher":"https:\/\/www.facebook.com\/chittaviveka","article_modified_time":"2025-08-14T19:02:20+00:00","og_image":[{"width":1500,"height":2001,"url":"https:\/\/chittaviveka-monastery-11272da.ingress-alpha.ewp.live\/wp-content\/uploads\/2024\/08\/gnanaseeha_rakwane_thera.jpg","type":"image\/jpeg"}],"twitter_card":"summary_large_image","twitter_misc":{"Est. reading time":"2 minutes"},"schema":{"@context":"https:\/\/schema.org","@graph":[{"@type":"WebPage","@id":"https:\/\/chittaviveka-monastery-11272da.ingress-alpha.ewp.live\/teacher\/","url":"https:\/\/chittaviveka-monastery-11272da.ingress-alpha.ewp.live\/teacher\/","name":"\u041f\u0440\u043e \u0443\u0447\u0438\u0442\u0435\u043b\u044f - Samatha Vipassana","isPartOf":{"@id":"https:\/\/chittaviveka-monastery-11272da.ingress-alpha.ewp.live\/#website"},"primaryImageOfPage":{"@id":"https:\/\/chittaviveka-monastery-11272da.ingress-alpha.ewp.live\/teacher\/#primaryimage"},"image":{"@id":"https:\/\/chittaviveka-monastery-11272da.ingress-alpha.ewp.live\/teacher\/#primaryimage"},"thumbnailUrl":"https:\/\/samatha-vipassana.com\/wp-content\/uploads\/2024\/08\/gnanaseeha_rakwane_thera.jpg","datePublished":"2024-08-08T17:43:35+00:00","dateModified":"2025-08-14T19:02:20+00:00","description":"\u0414\u043e\u0441\u0442\u043e\u043f\u043e\u0447\u0442\u0435\u043d\u043d\u044b\u0439 \u0431\u0445\u0430\u043d\u0442\u0435 \u041d\u044f\u043d\u0430\u0441\u0438\u0445\u0430 (\u041d\u044c\u044f\u043d\u0430\u0441\u0438\u0445\u0430) \u0420\u0430\u043a\u0432\u0430\u043d\u0435 \u0442\u0445\u0435\u0440\u0430, \u0431\u0443\u0434\u0434\u0438\u0439\u0441\u043a\u0438\u0439 \u043c\u043e\u043d\u0430\u0445 \u0432 \u0442\u0440\u0430\u0434\u0438\u0446\u0438\u0438 \u0442\u0445\u0435\u0440\u0430\u0432\u0430\u0434\u0430 \u0438 \u043d\u0430\u0441\u0442\u043e\u044f\u0442\u0435\u043b\u044c \u043b\u0435\u0441\u043d\u043e\u0433\u043e \u043c\u043e\u043d\u0430\u0441\u0442\u044b\u0440\u044f \u0427\u0438\u0442\u0442\u0430\u0432\u0438\u0432\u0435\u043a\u0430 \u043d\u0430 \u0428\u0440\u0438-\u041b\u0430\u043d\u043a\u0435","breadcrumb":{"@id":"https:\/\/chittaviveka-monastery-11272da.ingress-alpha.ewp.live\/teacher\/#breadcrumb"},"inLanguage":"en-US","potentialAction":[{"@type":"ReadAction","target":["https:\/\/chittaviveka-monastery-11272da.ingress-alpha.ewp.live\/teacher\/"]}]},{"@type":"ImageObject","inLanguage":"en-US","@id":"https:\/\/chittaviveka-monastery-11272da.ingress-alpha.ewp.live\/teacher\/#primaryimage","url":"https:\/\/samatha-vipassana.com\/wp-content\/uploads\/2024\/08\/gnanaseeha_rakwane_thera.jpg","contentUrl":"https:\/\/samatha-vipassana.com\/wp-content\/uploads\/2024\/08\/gnanaseeha_rakwane_thera.jpg","width":1500,"height":2001,"caption":"Gnanaseeha Rakwane Thera"},{"@type":"BreadcrumbList","@id":"https:\/\/chittaviveka-monastery-11272da.ingress-alpha.ewp.live\/teacher\/#breadcrumb","itemListElement":[{"@type":"ListItem","position":1,"name":"\u0413\u043b\u0430\u0432\u043d\u0430\u044f","item":"https:\/\/samatha-vipassana.com\/"},{"@type":"ListItem","position":2,"name":"\u041f\u0440\u043e \u0443\u0447\u0438\u0442\u0435\u043b\u044f"}]},{"@type":"WebSite","@id":"https:\/\/chittaviveka-monastery-11272da.ingress-alpha.ewp.live\/#website","url":"https:\/\/chittaviveka-monastery-11272da.ingress-alpha.ewp.live\/","name":"Samatha Vipassana","description":"Chittaviveka Monastery","publisher":{"@id":"https:\/\/chittaviveka-monastery-11272da.ingress-alpha.ewp.live\/#organization"},"potentialAction":[{"@type":"SearchAction","target":{"@type":"EntryPoint","urlTemplate":"https:\/\/chittaviveka-monastery-11272da.ingress-alpha.ewp.live\/?s={search_term_string}"},"query-input":{"@type":"PropertyValueSpecification","valueRequired":true,"valueName":"search_term_string"}}],"inLanguage":"en-US"},{"@type":"Organization","@id":"https:\/\/chittaviveka-monastery-11272da.ingress-alpha.ewp.live\/#organization","name":"Chittaviveka Monastery","url":"https:\/\/chittaviveka-monastery-11272da.ingress-alpha.ewp.live\/","logo":{"@type":"ImageObject","inLanguage":"en-US","@id":"https:\/\/chittaviveka-monastery-11272da.ingress-alpha.ewp.live\/#\/schema\/logo\/image\/","url":"https:\/\/samatha-vipassana.com\/wp-content\/uploads\/2024\/09\/cropped-logo-1.png","contentUrl":"https:\/\/samatha-vipassana.com\/wp-content\/uploads\/2024\/09\/cropped-logo-1.png","width":512,"height":512,"caption":"Chittaviveka Monastery"},"image":{"@id":"https:\/\/chittaviveka-monastery-11272da.ingress-alpha.ewp.live\/#\/schema\/logo\/image\/"},"sameAs":["https:\/\/www.facebook.com\/chittaviveka","https:\/\/www.instagram.com\/chittaviveka.monastery","https:\/\/vk.com\/dhammatheravada","https:\/\/www.youtube.com\/@ChittaViveka","https:\/\/rutube.ru\/channel\/40202709\/","http:\/\/t.me\/chittaviveka","https:\/\/t.me\/chittaviveka_chat"]}]}},"_links":{"self":[{"href":"https:\/\/samatha-vipassana.com\/en\/wp-json\/wp\/v2\/pages\/344","targetHints":{"allow":["GET"]}}],"collection":[{"href":"https:\/\/samatha-vipassana.com\/en\/wp-json\/wp\/v2\/pages"}],"about":[{"href":"https:\/\/samatha-vipassana.com\/en\/wp-json\/wp\/v2\/types\/page"}],"author":[{"embeddable":true,"href":"https:\/\/samatha-vipassana.com\/en\/wp-json\/wp\/v2\/users\/2"}],"replies":[{"embeddable":true,"href":"https:\/\/samatha-vipassana.com\/en\/wp-json\/wp\/v2\/comments?post=344"}],"version-history":[{"count":10,"href":"https:\/\/samatha-vipassana.com\/en\/wp-json\/wp\/v2\/pages\/344\/revisions"}],"predecessor-version":[{"id":1271,"href":"https:\/\/samatha-vipassana.com\/en\/wp-json\/wp\/v2\/pages\/344\/revisions\/1271"}],"wp:featuredmedia":[{"embeddable":true,"href":"https:\/\/samatha-vipassana.com\/en\/wp-json\/wp\/v2\/media\/345"}],"wp:attachment":[{"href":"https:\/\/samatha-vipassana.com\/en\/wp-json\/wp\/v2\/media?parent=344"}],"curies":[{"name":"wp","href":"https:\/\/api.w.org\/{rel}","templated":true}]}}